{"id":3826,"date":"2020-07-24T17:15:43","date_gmt":"2020-07-24T17:15:43","guid":{"rendered":"http:\/\/azcon.cz\/services\/mzdy\/"},"modified":"2021-02-23T09:59:27","modified_gmt":"2021-02-23T08:59:27","slug":"payroll","status":"publish","type":"page","link":"https:\/\/azcon.cz\/en\/services\/payroll\/","title":{"rendered":"Payroll"},"content":{"rendered":"<p><div class=\"fusion-fullwidth fullwidth-box fusion-builder-row-1 fusion-flex-container nonhundred-percent-fullwidth non-hundred-percent-height-scrolling\" style=\"background-color: rgba(255,255,255,0);background-image:radial-gradient(circle at center top, #e8fef2 62%,#ffffff 62%);background-position: center center;background-repeat: no-repeat;border-width: 0px 0px 0px 0px;border-color:rgba(0,0,0,0.08);border-style:solid;\" ><div class=\"fusion-builder-row fusion-row fusion-flex-align-items-flex-start fusion-flex-justify-content-center\" style=\"max-width:1372.8px;margin-left: calc(-4% \/ 2 );margin-right: calc(-4% \/ 2 );\"><div class=\"fusion-layout-column fusion_builder_column fusion-builder-column-0 fusion_builder_column_3_5 3_5 fusion-flex-column fusion-animated\" data-animationType=\"fadeInDown\" data-animationDuration=\"1.6\" data-animationOffset=\"100%\"><div class=\"fusion-column-wrapper fusion-flex-justify-content-flex-start fusion-content-layout-column\" style=\"background-position:left top;background-repeat:no-repeat;-webkit-background-size:cover;-moz-background-size:cover;-o-background-size:cover;background-size:cover;padding: 0px 0px 0px 0px;\"><i class=\"fb-icon-element-1 fb-icon-element fontawesome-icon icon-mkb-group circle-yes\" style=\"font-size:36.96px;line-height:73.92px;height:73.92px;width:73.92px;border-width:0px;align-self:center;margin-bottom:12px;\"><\/i><style>i.fb-icon-element.fontawesome-icon.fb-icon-element-1{ color: #3bc77b; background-color: #ffffff; border-color: #ffe7da;}i.fb-icon-element.fontawesome-icon.fb-icon-element-1:hover { color: #ffffff; background-color: #3bc77b; border-color: #f9e1d4;}<\/style><style type=\"text\/css\">@media only screen and (max-width:1024px) {.fusion-title.fusion-title-1{margin-top:4px!important;margin-bottom:4px!important;}}@media only screen and (max-width:640px) {.fusion-title.fusion-title-1{margin-top:4px!important;margin-bottom:4px!important;}}<\/style><div class=\"fusion-title title fusion-title-1 fusion-sep-none fusion-title-center fusion-title-text fusion-title-size-six\" style=\"margin-top:12px;margin-bottom:4px;\"><h6 class=\"title-heading-center\" style=\"margin:0;\">AZCON11 Brno s.r.o.<\/h6><\/div><style type=\"text\/css\">@media only screen and (max-width:1024px) {.fusion-title.fusion-title-2{margin-top:12px!important;margin-bottom:24px!important;}}@media only screen and (max-width:640px) {.fusion-title.fusion-title-2{margin-top:12px!important;margin-bottom:24px!important;}}<\/style><div class=\"fusion-title title fusion-title-2 fusion-sep-none fusion-title-center fusion-title-text fusion-title-size-one\" style=\"margin-top:12px;margin-bottom:24px;\"><h1 class=\"title-heading-center\" style=\"margin:0;\">Payroll<\/h1><\/div><div class=\"fusion-text fusion-text-1\" style=\"text-align:center;font-size:30px;line-height:1.4em;letter-spacing:-0.02em;\"><p>There are more than <strong>10 types of employee benefits<\/strong> that can be effectively used to your advantage to save taxes or social and health insurance. Are you taking advantage of all of these? If not, we can advise you to use <strong>all of these to your maximium advantage<\/strong><\/p>\n<p>In addition, we will calculate your salaries and all levies from them accurately and on time, send all statements and <strong>represent you in negotiations and inspections at all offices<\/strong>.<\/p>\n<\/div><div style=\"text-align:center;\"><style type=\"text\/css\">.fusion-button.button-1 .fusion-button-text, .fusion-button.button-1 i {color:#ffffff;}.fusion-button.button-1 .fusion-button-icon-divider{border-color:#ffffff;}.fusion-button.button-1:hover .fusion-button-text, .fusion-button.button-1:hover i,.fusion-button.button-1:focus .fusion-button-text, .fusion-button.button-1:focus i,.fusion-button.button-1:active .fusion-button-text, .fusion-button.button-1:active{color:#ffffff;}.fusion-button.button-1:hover .fusion-button-icon-divider, .fusion-button.button-1:hover .fusion-button-icon-divider, .fusion-button.button-1:active .fusion-button-icon-divider{border-color:#ffffff;}.fusion-button.button-1:hover, .fusion-button.button-1:focus, .fusion-button.button-1:active{border-color:#ffffff;}.fusion-button.button-1 {border-color:#ffffff;border-radius:10px;}.fusion-button.button-1{background: #3bc77b;}.fusion-button.button-1:hover,.button-1:focus,.fusion-button.button-1:active{background: #2bbc6e;}<\/style><a class=\"fusion-button button-flat fusion-button-default-size button-custom button-1 fusion-button-default-span fusion-button-default-type\" target=\"_self\" href=\"\/en\/contact\/\" style=\"margin-top:16px;\"><span class=\"fusion-button-text\">Contact us<\/span><\/a><\/div><\/div><\/div><style type=\"text\/css\">.fusion-body .fusion-builder-column-0{width:60% !important;margin-top : 20px;margin-bottom : 48px;}.fusion-builder-column-0 > .fusion-column-wrapper {padding-top : 0px !important;padding-right : 0px !important;margin-right : 3.2%;padding-bottom : 0px !important;padding-left : 0px !important;margin-left : 3.2%;}@media only screen and (max-width:1024px) {.fusion-body .fusion-builder-column-0{width:75% !important;margin-bottom : 40px;}.fusion-builder-column-0 > .fusion-column-wrapper {margin-right : 2.56%;margin-left : 2.56%;}}@media only screen and (max-width:640px) {.fusion-body .fusion-builder-column-0{width:100% !important;}.fusion-builder-column-0 > .fusion-column-wrapper {margin-right : 1.92%;margin-left : 1.92%;}}<\/style><div class=\"fusion-layout-column fusion_builder_column fusion-builder-column-1 fusion_builder_column_1_2 1_2 fusion-flex-column fusion-animated\" data-animationType=\"fadeInUp\" data-animationDuration=\"1.2\" data-animationOffset=\"100%\"><div class=\"fusion-column-wrapper fusion-flex-justify-content-flex-start fusion-content-layout-column\" style=\"background-position:left top;background-repeat:no-repeat;-webkit-background-size:cover;-moz-background-size:cover;-o-background-size:cover;background-size:cover;padding: 0px 0px 0px 0px;\"><div ><span class=\" fusion-imageframe imageframe-none imageframe-1 hover-type-none\" style=\"-webkit-border-radius:8px;-moz-border-radius:8px;border-radius:8px;\"><img width=\"1256\" image_height=\"1090\" image_id=\"1101\" src=\"https:\/\/azcon.cz\/wp-content\/uploads\/2020\/07\/digital-marketing-strategy.png\" data-orig-src=\"http:\/\/azcon.cz\/wp-content\/uploads\/2020\/07\/digital-marketing-strategy.png\" class=\"lazyload img-responsive wp-image-1101\" srcset=\"data:image\/svg+xml,%3Csvg%20xmlns%3D%27http%3A%2F%2Fwww.w3.org%2F2000%2Fsvg%27%20width%3D%271256%27%20height%3D%271090%27%20viewBox%3D%270%200%201256%201090%27%3E%3Crect%20width%3D%271256%27%20height%3D%2731090%27%20fill-opacity%3D%220%22%2F%3E%3C%2Fsvg%3E\" data-srcset=\"https:\/\/azcon.cz\/wp-content\/uploads\/2020\/07\/digital-marketing-strategy-200x174.png 200w, https:\/\/azcon.cz\/wp-content\/uploads\/2020\/07\/digital-marketing-strategy-400x347.png 400w, https:\/\/azcon.cz\/wp-content\/uploads\/2020\/07\/digital-marketing-strategy-600x521.png 600w, https:\/\/azcon.cz\/wp-content\/uploads\/2020\/07\/digital-marketing-strategy-800x694.png 800w, https:\/\/azcon.cz\/wp-content\/uploads\/2020\/07\/digital-marketing-strategy-1200x1041.png 1200w, https:\/\/azcon.cz\/wp-content\/uploads\/2020\/07\/digital-marketing-strategy.png 1256w\" data-sizes=\"auto\" data-orig-sizes=\"(max-width: 640px) 100vw, 800px\" \/><\/span><\/div><\/div><\/div><style type=\"text\/css\">.fusion-body .fusion-builder-column-1{width:50% !important;margin-top : 20px;margin-bottom : 20px;}.fusion-builder-column-1 > .fusion-column-wrapper {padding-top : 0px !important;padding-right : 0px !important;margin-right : 3.84%;padding-bottom : 0px !important;padding-left : 0px !important;margin-left : 3.84%;}@media only screen and (max-width:1024px) {.fusion-body .fusion-builder-column-1{width:50% !important;order : 0;margin-bottom : 60px;}.fusion-builder-column-1 > .fusion-column-wrapper {margin-right : 3.84%;margin-left : 3.84%;}}@media only screen and (max-width:640px) {.fusion-body .fusion-builder-column-1{width:100% !important;order : 0;margin-bottom : 20px;}.fusion-builder-column-1 > .fusion-column-wrapper {margin-right : 1.92%;margin-left : 1.92%;}}<\/style><\/div><style type=\"text\/css\">.fusion-body .fusion-flex-container.fusion-builder-row-1{ padding-top : 60px;margin-top : 0px;padding-right : 0px;padding-bottom : 0px;margin-bottom : 0px;padding-left : 0px;}@media only screen and (max-width:1024px) {.fusion-body .fusion-flex-container.fusion-builder-row-1{ padding-top : 32px;}}@media only screen and (max-width:640px) {.fusion-body .fusion-flex-container.fusion-builder-row-1{ padding-top : 20px;}}<\/style><\/div><div class=\"fusion-fullwidth fullwidth-box fusion-builder-row-2 fusion-flex-container nonhundred-percent-fullwidth non-hundred-percent-height-scrolling\" style=\"background-color: rgba(255,255,255,0);background-position: center center;background-repeat: no-repeat;border-width: 0px 0px 0px 0px;border-color:rgba(0,0,0,0.08);border-style:solid;\" ><div class=\"fusion-builder-row fusion-row fusion-flex-align-items-flex-start\" style=\"max-width:1372.8px;margin-left: calc(-4% \/ 2 );margin-right: calc(-4% \/ 2 );\"><div class=\"fusion-layout-column fusion_builder_column fusion-builder-column-2 fusion_builder_column_1_3 1_3 fusion-flex-column fusion-animated\" data-animationType=\"fadeInDown\" data-animationDuration=\"1.6\" data-animationOffset=\"100%\"><div class=\"fusion-column-wrapper fusion-flex-justify-content-flex-start fusion-content-layout-column\" style=\"background-position:left top;background-repeat:no-repeat;-webkit-background-size:cover;-moz-background-size:cover;-o-background-size:cover;background-size:cover;padding: 0px 0px 0px 0px;\"><i class=\"fb-icon-element-2 fb-icon-element fontawesome-icon icon-mkb-group circle-no\" style=\"font-size:20px;align-self:center;margin-bottom:12px;\"><\/i><style>i.fb-icon-element.fontawesome-icon.fb-icon-element-2{ color: #3bc77b;}i.fb-icon-element.fontawesome-icon.fb-icon-element-2:hover { color: #3bc77b;}<\/style><style type=\"text\/css\">@media only screen and (max-width:1024px) {.fusion-title.fusion-title-3{margin-top:!important;margin-bottom:12px!important;}}@media only screen and (max-width:640px) {.fusion-title.fusion-title-3{margin-top:12px!important;margin-bottom:24px!important;}}<\/style><div class=\"fusion-title title fusion-title-3 fusion-sep-none fusion-title-center fusion-title-text fusion-title-size-three\" style=\"font-size:40px;margin-top:6px;margin-bottom:6px;\"><h3 class=\"title-heading-center\" style=\"font-family:&quot;DM Sans&quot;;font-weight:700;margin:0;font-size:1em;line-height:52px;\">accurately and on time<\/h3><\/div><style type=\"text\/css\">@media only screen and (max-width:1024px) {.fusion-title.fusion-title-4{margin-top:!important;margin-bottom:12px!important;}}@media only screen and (max-width:640px) {.fusion-title.fusion-title-4{margin-top:12px!important;margin-bottom:24px!important;}}<\/style><div class=\"fusion-title title fusion-title-4 fusion-sep-none fusion-title-center fusion-title-text fusion-title-size-four\" style=\"margin-top:0px;margin-bottom:8px;\"><h4 class=\"title-heading-center\" style=\"margin:0;\">we will calculate your salaries and all levies from them and send all your statements.<\/h4><\/div><\/div><\/div><style type=\"text\/css\">.fusion-body .fusion-builder-column-2{width:33.333333333333% !important;margin-top : 20px;margin-bottom : 20px;}.fusion-builder-column-2 > .fusion-column-wrapper {padding-top : 0px !important;padding-right : 0px !important;margin-right : 11.52%;padding-bottom : 0px !important;padding-left : 0px !important;margin-left : 11.52%;}@media only screen and (max-width:1024px) {.fusion-body .fusion-builder-column-2{width:33.333333333333% !important;order : 0;}.fusion-builder-column-2 > .fusion-column-wrapper {margin-right : 5.76%;margin-left : 5.76%;}}@media only screen and (max-width:640px) {.fusion-body .fusion-builder-column-2{width:100% !important;order : 0;}.fusion-builder-column-2 > .fusion-column-wrapper {margin-right : 1.92%;margin-left : 1.92%;}}<\/style><style type=\"text\/css\">.fusion-builder-column-2{filter: opacity(93%);transition: filter 0.3s ease;}.fusion-builder-column-2:hover{filter: opacity(100%);}<\/style><div class=\"fusion-layout-column fusion_builder_column fusion-builder-column-3 fusion_builder_column_1_3 1_3 fusion-flex-column fusion-animated\" data-animationType=\"fadeInDown\" data-animationDuration=\"1.6\" data-animationOffset=\"100%\"><div class=\"fusion-column-wrapper fusion-flex-justify-content-flex-start fusion-content-layout-column\" style=\"background-position:left top;background-repeat:no-repeat;-webkit-background-size:cover;-moz-background-size:cover;-o-background-size:cover;background-size:cover;padding: 0px 0px 0px 0px;\"><i class=\"fb-icon-element-3 fb-icon-element fontawesome-icon fa-plus fas circle-no\" style=\"font-size:20px;align-self:center;margin-bottom:12px;\"><\/i><style>i.fb-icon-element.fontawesome-icon.fb-icon-element-3{ color: #3bc77b;}i.fb-icon-element.fontawesome-icon.fb-icon-element-3:hover { color: #3bc77b;}<\/style><style type=\"text\/css\">@media only screen and (max-width:1024px) {.fusion-title.fusion-title-5{margin-top:!important;margin-bottom:12px!important;}}@media only screen and (max-width:640px) {.fusion-title.fusion-title-5{margin-top:12px!important;margin-bottom:24px!important;}}<\/style><div class=\"fusion-title title fusion-title-5 fusion-sep-none fusion-title-center fusion-title-text fusion-title-size-three\" style=\"font-size:40px;margin-top:6px;margin-bottom:6px;\"><h3 class=\"title-heading-center\" style=\"font-family:&quot;DM Sans&quot;;font-weight:700;margin:0;font-size:1em;line-height:52px;\">10 types<\/h3><\/div><style type=\"text\/css\">@media only screen and (max-width:1024px) {.fusion-title.fusion-title-6{margin-top:!important;margin-bottom:12px!important;}}@media only screen and (max-width:640px) {.fusion-title.fusion-title-6{margin-top:12px!important;margin-bottom:24px!important;}}<\/style><div class=\"fusion-title title fusion-title-6 fusion-sep-none fusion-title-center fusion-title-text fusion-title-size-four\" style=\"margin-top:0px;margin-bottom:8px;\"><h4 class=\"title-heading-center\" style=\"margin:0;\">Employee benefits can be used effectively to your advantage to save taxes or social and health insurance.<\/h4><\/div><\/div><\/div><style type=\"text\/css\">.fusion-body .fusion-builder-column-3{width:33.333333333333% !important;margin-top : 20px;margin-bottom : 20px;}.fusion-builder-column-3 > .fusion-column-wrapper {padding-top : 0px !important;padding-right : 0px !important;margin-right : 11.52%;padding-bottom : 0px !important;padding-left : 0px !important;margin-left : 11.52%;}@media only screen and (max-width:1024px) {.fusion-body .fusion-builder-column-3{width:33.333333333333% !important;order : 0;}.fusion-builder-column-3 > .fusion-column-wrapper {margin-right : 5.76%;margin-left : 5.76%;}}@media only screen and (max-width:640px) {.fusion-body .fusion-builder-column-3{width:100% !important;order : 0;}.fusion-builder-column-3 > .fusion-column-wrapper {margin-right : 1.92%;margin-left : 1.92%;}}<\/style><style type=\"text\/css\">.fusion-builder-column-3{filter: opacity(93%);transition: filter 0.3s ease;}.fusion-builder-column-3:hover{filter: opacity(100%);}<\/style><div class=\"fusion-layout-column fusion_builder_column fusion-builder-column-4 fusion_builder_column_1_3 1_3 fusion-flex-column fusion-animated\" data-animationType=\"fadeInDown\" data-animationDuration=\"1.6\" data-animationOffset=\"100%\"><div class=\"fusion-column-wrapper fusion-flex-justify-content-flex-start fusion-content-layout-column\" style=\"background-position:left top;background-repeat:no-repeat;-webkit-background-size:cover;-moz-background-size:cover;-o-background-size:cover;background-size:cover;padding: 0px 0px 0px 0px;\"><i class=\"fb-icon-element-4 fb-icon-element fontawesome-icon fa-user-shield fas circle-no\" style=\"font-size:20px;align-self:center;margin-bottom:12px;\"><\/i><style>i.fb-icon-element.fontawesome-icon.fb-icon-element-4{ color: #3bc77b;}i.fb-icon-element.fontawesome-icon.fb-icon-element-4:hover { color: #3bc77b;}<\/style><style type=\"text\/css\">@media only screen and (max-width:1024px) {.fusion-title.fusion-title-7{margin-top:!important;margin-bottom:12px!important;}}@media only screen and (max-width:640px) {.fusion-title.fusion-title-7{margin-top:12px!important;margin-bottom:24px!important;}}<\/style><div class=\"fusion-title title fusion-title-7 fusion-sep-none fusion-title-center fusion-title-text fusion-title-size-three\" style=\"font-size:40px;margin-top:6px;margin-bottom:6px;\"><h3 class=\"title-heading-center\" style=\"font-family:&quot;DM Sans&quot;;font-weight:700;margin:0;font-size:1em;line-height:52px;\">we will represent you<\/h3><\/div><style type=\"text\/css\">@media only screen and (max-width:1024px) {.fusion-title.fusion-title-8{margin-top:!important;margin-bottom:12px!important;}}@media only screen and (max-width:640px) {.fusion-title.fusion-title-8{margin-top:12px!important;margin-bottom:24px!important;}}<\/style><div class=\"fusion-title title fusion-title-8 fusion-sep-none fusion-title-center fusion-title-text fusion-title-size-four\" style=\"margin-top:0px;margin-bottom:8px;\"><h4 class=\"title-heading-center\" style=\"margin:0;\">during negotiations and inspections at all offices.<\/h4><\/div><\/div><\/div><style type=\"text\/css\">.fusion-body .fusion-builder-column-4{width:33.333333333333% !important;margin-top : 20px;margin-bottom : 20px;}.fusion-builder-column-4 > .fusion-column-wrapper {padding-top : 0px !important;padding-right : 0px !important;margin-right : 11.52%;padding-bottom : 0px !important;padding-left : 0px !important;margin-left : 11.52%;}@media only screen and (max-width:1024px) {.fusion-body .fusion-builder-column-4{width:33.333333333333% !important;order : 0;}.fusion-builder-column-4 > .fusion-column-wrapper {margin-right : 5.76%;margin-left : 5.76%;}}@media only screen and (max-width:640px) {.fusion-body .fusion-builder-column-4{width:100% !important;order : 0;}.fusion-builder-column-4 > .fusion-column-wrapper {margin-right : 1.92%;margin-left : 1.92%;}}<\/style><style type=\"text\/css\">.fusion-builder-column-4{filter: opacity(93%);transition: filter 0.3s ease;}.fusion-builder-column-4:hover{filter: opacity(100%);}<\/style><\/div><style type=\"text\/css\">.fusion-body .fusion-flex-container.fusion-builder-row-2{ padding-top : 48px;margin-top : 0px;padding-right : 0px;padding-bottom : 4%;margin-bottom : 0px;padding-left : 0px;}@media only screen and (max-width:1024px) {.fusion-body .fusion-flex-container.fusion-builder-row-2{ padding-top : 20px;padding-bottom : 36px;}}@media only screen and (max-width:640px) {.fusion-body .fusion-flex-container.fusion-builder-row-2{ padding-top : 40px;padding-bottom : 40px;}}<\/style><\/div><\/p>\n","protected":false},"excerpt":{"rendered":"","protected":false},"author":1,"featured_media":0,"parent":3788,"menu_order":0,"comment_status":"closed","ping_status":"closed","template":"100-width.php","meta":[],"yoast_head":"<!-- This site is optimized with the Yoast SEO plugin v16.9 - https:\/\/yoast.com\/wordpress\/plugins\/seo\/ -->\n<title>Payroll - AZCON11 Brno s.r.o.<\/title>\n<meta name=\"robots\" content=\"index, follow, max-snippet:-1, max-image-preview:large, max-video-preview:-1\" \/>\n<link rel=\"canonical\" href=\"https:\/\/azcon.cz\/en\/services\/payroll\/\" \/>\n<meta property=\"og:locale\" content=\"en_US\" \/>\n<meta property=\"og:type\" content=\"article\" \/>\n<meta property=\"og:title\" content=\"Payroll - AZCON11 Brno s.r.o.\" \/>\n<meta property=\"og:url\" content=\"https:\/\/azcon.cz\/en\/services\/payroll\/\" \/>\n<meta property=\"og:site_name\" content=\"AZCON11 Brno s.r.o.\" \/>\n<meta property=\"article:modified_time\" content=\"2021-02-23T08:59:27+00:00\" \/>\n<meta name=\"twitter:card\" content=\"summary_large_image\" \/>\n<meta name=\"twitter:label1\" content=\"Est. reading time\" \/>\n\t<meta name=\"twitter:data1\" content=\"15 minutes\" \/>\n<script type=\"application\/ld+json\" class=\"yoast-schema-graph\">{\"@context\":\"https:\/\/schema.org\",\"@graph\":[{\"@type\":\"WebSite\",\"@id\":\"https:\/\/azcon.cz\/#website\",\"url\":\"https:\/\/azcon.cz\/\",\"name\":\"AZCON11 Brno s.r.o.\",\"description\":\"Zn\\u00e1me finan\\u010dn\\u00ed \\u00fa\\u0159ady. V\\u00edme, jak ochr\\u00e1nit va\\u0161e z\\u00e1jmy. Jsme tady, abychom v\\u00e1m pomohli.\",\"potentialAction\":[{\"@type\":\"SearchAction\",\"target\":{\"@type\":\"EntryPoint\",\"urlTemplate\":\"https:\/\/azcon.cz\/?s={search_term_string}\"},\"query-input\":\"required name=search_term_string\"}],\"inLanguage\":\"en-US\"},{\"@type\":\"WebPage\",\"@id\":\"https:\/\/azcon.cz\/en\/services\/payroll\/#webpage\",\"url\":\"https:\/\/azcon.cz\/en\/services\/payroll\/\",\"name\":\"Payroll - AZCON11 Brno s.r.o.\",\"isPartOf\":{\"@id\":\"https:\/\/azcon.cz\/#website\"},\"datePublished\":\"2020-07-24T17:15:43+00:00\",\"dateModified\":\"2021-02-23T08:59:27+00:00\",\"breadcrumb\":{\"@id\":\"https:\/\/azcon.cz\/en\/services\/payroll\/#breadcrumb\"},\"inLanguage\":\"en-US\",\"potentialAction\":[{\"@type\":\"ReadAction\",\"target\":[\"https:\/\/azcon.cz\/en\/services\/payroll\/\"]}]},{\"@type\":\"BreadcrumbList\",\"@id\":\"https:\/\/azcon.cz\/en\/services\/payroll\/#breadcrumb\",\"itemListElement\":[{\"@type\":\"ListItem\",\"position\":1,\"name\":\"Services\",\"item\":\"https:\/\/azcon.cz\/en\/services\/\"},{\"@type\":\"ListItem\",\"position\":2,\"name\":\"Payroll\"}]}]}<\/script>\n<!-- \/ Yoast SEO plugin. -->","yoast_head_json":{"title":"Payroll - AZCON11 Brno s.r.o.","robots":{"index":"index","follow":"follow","max-snippet":"max-snippet:-1","max-image-preview":"max-image-preview:large","max-video-preview":"max-video-preview:-1"},"canonical":"https:\/\/azcon.cz\/en\/services\/payroll\/","og_locale":"en_US","og_type":"article","og_title":"Payroll - AZCON11 Brno s.r.o.","og_url":"https:\/\/azcon.cz\/en\/services\/payroll\/","og_site_name":"AZCON11 Brno s.r.o.","article_modified_time":"2021-02-23T08:59:27+00:00","twitter_card":"summary_large_image","twitter_misc":{"Est. reading time":"15 minutes"},"schema":{"@context":"https:\/\/schema.org","@graph":[{"@type":"WebSite","@id":"https:\/\/azcon.cz\/#website","url":"https:\/\/azcon.cz\/","name":"AZCON11 Brno s.r.o.","description":"Zn\u00e1me finan\u010dn\u00ed \u00fa\u0159ady. V\u00edme, jak ochr\u00e1nit va\u0161e z\u00e1jmy. Jsme tady, abychom v\u00e1m pomohli.","potentialAction":[{"@type":"SearchAction","target":{"@type":"EntryPoint","urlTemplate":"https:\/\/azcon.cz\/?s={search_term_string}"},"query-input":"required name=search_term_string"}],"inLanguage":"en-US"},{"@type":"WebPage","@id":"https:\/\/azcon.cz\/en\/services\/payroll\/#webpage","url":"https:\/\/azcon.cz\/en\/services\/payroll\/","name":"Payroll - AZCON11 Brno s.r.o.","isPartOf":{"@id":"https:\/\/azcon.cz\/#website"},"datePublished":"2020-07-24T17:15:43+00:00","dateModified":"2021-02-23T08:59:27+00:00","breadcrumb":{"@id":"https:\/\/azcon.cz\/en\/services\/payroll\/#breadcrumb"},"inLanguage":"en-US","potentialAction":[{"@type":"ReadAction","target":["https:\/\/azcon.cz\/en\/services\/payroll\/"]}]},{"@type":"BreadcrumbList","@id":"https:\/\/azcon.cz\/en\/services\/payroll\/#breadcrumb","itemListElement":[{"@type":"ListItem","position":1,"name":"Services","item":"https:\/\/azcon.cz\/en\/services\/"},{"@type":"ListItem","position":2,"name":"Payroll"}]}]}},"_links":{"self":[{"href":"https:\/\/azcon.cz\/en\/wp-json\/wp\/v2\/pages\/3826"}],"collection":[{"href":"https:\/\/azcon.cz\/en\/wp-json\/wp\/v2\/pages"}],"about":[{"href":"https:\/\/azcon.cz\/en\/wp-json\/wp\/v2\/types\/page"}],"author":[{"embeddable":true,"href":"https:\/\/azcon.cz\/en\/wp-json\/wp\/v2\/users\/1"}],"replies":[{"embeddable":true,"href":"https:\/\/azcon.cz\/en\/wp-json\/wp\/v2\/comments?post=3826"}],"version-history":[{"count":3,"href":"https:\/\/azcon.cz\/en\/wp-json\/wp\/v2\/pages\/3826\/revisions"}],"predecessor-version":[{"id":3829,"href":"https:\/\/azcon.cz\/en\/wp-json\/wp\/v2\/pages\/3826\/revisions\/3829"}],"up":[{"embeddable":true,"href":"https:\/\/azcon.cz\/en\/wp-json\/wp\/v2\/pages\/3788"}],"wp:attachment":[{"href":"https:\/\/azcon.cz\/en\/wp-json\/wp\/v2\/media?parent=3826"}],"curies":[{"name":"wp","href":"https:\/\/api.w.org\/{rel}","templated":true}]}}